{"id":6840,"date":"2021-05-20T08:47:16","date_gmt":"2021-05-20T06:47:16","guid":{"rendered":"https:\/\/www.freilicht-theater.net\/reality-close-up\/home-copy-2\/"},"modified":"2021-06-10T18:13:04","modified_gmt":"2021-06-10T16:13:04","slug":"start","status":"publish","type":"page","link":"https:\/\/www.freilicht-theater.net\/reality-close-up\/","title":{"rendered":"0_Start"},"content":{"rendered":"<p>[vc_row css=&#8221;.vc_custom_1621493523159{padding-top: 0px !important;}&#8221;][vc_column css=&#8221;.vc_custom_1622199460535{padding-top: 0px !important;}&#8221;]<div class=\"edgtf-elements-holder  edgtf-eh-full-height edgtf-one-column  edgtf-responsive-mode-never edgtf-one-column-alignment-center\" ><div class=\"edgtf-eh-item  edgtf-vertical-alignment-top edgtf-horizontal-alignment-center \" style=\"background-image: url(https:\/\/www.freilicht-theater.net\/reality-close-up\/wp-content\/uploads\/Titelbild_Reality-Close-Up_5.png)\" data-item-class=\"edgtf-eh-custom-9481\" data-769-1024=\"6% 32% 0 32%\" data-681-768=\"10% 18% 0 18%\" data-680=\"10% 4% 0 4%\">\n\t<div class=\"edgtf-eh-item-inner\">\n\t\t<div class=\"edgtf-eh-item-content edgtf-eh-custom-9481\" style=\"padding: 5% 33% 0 33%\">\n\t\t\t<h1 class=\"edgtf-custom-font-holder RCS edgtf-cf-4200  \" style=\"font-size: 79px;line-height: 79px;font-weight: 600;text-align: center;color: #ffffff;margin: 40px 0 0 0\" data-item-class=\"edgtf-cf-4200\" data-font-size-1024=\"55px\" data-font-size-768=\"70px\" data-font-size-680=\"48px\" data-line-height-1024=\"55px\" data-line-height-768=\"70px\" data-line-height-680=\"48px\">\n\tREALITY CLOSE-UP<\/h1>[vc_column_text css=&#8221;.vc_custom_1623341583660{margin-right: 2% !important;margin-left: 2% !important;padding-top: 10% !important;padding-bottom: 15% !important;}&#8221;]<\/p>\n<h6 style=\"text-align: center;\"><span style=\"color: #ffffff;\">REALITY CLOSE-UP ist das Sonderprogramm zum 30. Jubil\u00e4um des Theatersommers Ludwigsburg: Innovativ, intensiv, interaktiv. Treten Sie ein und erleben Sie die vielseitigen Projekte von REALITY CLOSE-UP. Neue Wege, neue Begegnungen, neue Ideen, neue Gedanken, neue Gef\u00fchle, neue Blicke, neue Perspektiven und neue Zusammenh\u00e4nge! Reality Close-Up! Graphisch aufgearbeitet und pr\u00e4sentiert.<\/span><\/h6>\n<p>[\/vc_column_text]<div class=\"edgtf-clients-grid-holder edgtf-grid-list edgtf-disable-bottom-space edgtf-one-columns edgtf-no-space  edgtf-cc-hover-zoom\">\n\t<div class=\"edgtf-cg-inner edgtf-outer-space\">\n\t\t<div class=\"edgtf-cc-item edgtf-item-space edgtf-cci-has-link\">\n    <div>\n                    <a itemprop=\"url\" class=\"edgtf-cc-link edgtf-block-drag-link\" href=\"https:\/\/www.freilicht-theater.net\/reality-close-up\/reclaiming-spaces\/home\/\" target=\"_self\">\n                                    <img decoding=\"async\" itemprop=\"image\" class=\"edgtf-cc-image\" src=\"https:\/\/www.freilicht-theater.net\/reality-close-up\/wp-content\/uploads\/Zeichenflaeche-2_Zeichenflaeche-1.png\" alt=\"\" \/>\n                                            <\/a>\n            <\/div>\n<\/div>\t<\/div>\n<\/div>\t\t<\/div>\n\t<\/div>\n<\/div><\/div>[\/vc_column][\/vc_row]<\/p>\n","protected":false},"excerpt":{"rendered":"<p>[vc_row css=&#8221;.vc_custom_1621493523159{padding-top: 0px !important;}&#8221;][vc_column css=&#8221;.vc_custom_1622199460535{padding-top: 0px !important;}&#8221;][\/vc_column][\/vc_row]<\/p>\n","protected":false},"author":3,"featured_media":0,"parent":0,"menu_order":0,"comment_status":"closed","ping_status":"closed","template":"full-width.php","meta":{"footnotes":""},"class_list":["post-6840","page","type-page","status-publish","hentry"],"_links":{"self":[{"href":"https:\/\/www.freilicht-theater.net\/reality-close-up\/wp-json\/wp\/v2\/pages\/6840","targetHints":{"allow":["GET"]}}],"collection":[{"href":"https:\/\/www.freilicht-theater.net\/reality-close-up\/wp-json\/wp\/v2\/pages"}],"about":[{"href":"https:\/\/www.freilicht-theater.net\/reality-close-up\/wp-json\/wp\/v2\/types\/page"}],"author":[{"embeddable":true,"href":"https:\/\/www.freilicht-theater.net\/reality-close-up\/wp-json\/wp\/v2\/users\/3"}],"replies":[{"embeddable":true,"href":"https:\/\/www.freilicht-theater.net\/reality-close-up\/wp-json\/wp\/v2\/comments?post=6840"}],"version-history":[{"count":3,"href":"https:\/\/www.freilicht-theater.net\/reality-close-up\/wp-json\/wp\/v2\/pages\/6840\/revisions"}],"predecessor-version":[{"id":7861,"href":"https:\/\/www.freilicht-theater.net\/reality-close-up\/wp-json\/wp\/v2\/pages\/6840\/revisions\/7861"}],"wp:attachment":[{"href":"https:\/\/www.freilicht-theater.net\/reality-close-up\/wp-json\/wp\/v2\/media?parent=6840"}],"curies":[{"name":"wp","href":"https:\/\/api.w.org\/{rel}","templated":true}]}}