{"id":5388,"date":"2021-04-21T15:46:54","date_gmt":"2021-04-21T13:46:54","guid":{"rendered":"https:\/\/www.freilicht-theater.net\/reality-close-up\/reclaiming-spaces\/wall-copy\/"},"modified":"2021-06-10T18:26:54","modified_gmt":"2021-06-10T16:26:54","slug":"about","status":"publish","type":"page","link":"https:\/\/www.freilicht-theater.net\/reality-close-up\/about\/","title":{"rendered":"10 Reality Close Up"},"content":{"rendered":"<p>[vc_row][vc_column css=&#8221;.vc_custom_1621337526518{padding-top: 0px !important;background-position: center !important;background-repeat: no-repeat !important;background-size: contain !important;}&#8221;]<div class=\"edgtf-elements-holder   edgtf-one-column  edgtf-responsive-mode-768 \" ><div class=\"edgtf-eh-item  edgtf-vertical-alignment-top edgtf-horizontal-alignment-center \"  data-item-class=\"edgtf-eh-custom-2486\" data-681-768=\"60px 0 0 0\" data-680=\"60px 0 0 0\">\n\t<div class=\"edgtf-eh-item-inner\">\n\t\t<div class=\"edgtf-eh-item-content edgtf-eh-custom-2486\" >\n\t\t\t<div class=\"edgtf-single-image-holder   \">\n    <div class=\"edgtf-si-inner\" >\n                                    <img loading=\"lazy\" decoding=\"async\" width=\"2880\" height=\"1620\" src=\"https:\/\/www.freilicht-theater.net\/reality-close-up\/wp-content\/uploads\/Titelbild_Reality-Close-Up_4.png\" class=\"attachment-full size-full\" alt=\"\" srcset=\"https:\/\/www.freilicht-theater.net\/reality-close-up\/wp-content\/uploads\/Titelbild_Reality-Close-Up_4.png 2880w, https:\/\/www.freilicht-theater.net\/reality-close-up\/wp-content\/uploads\/Titelbild_Reality-Close-Up_4-300x169.png 300w, https:\/\/www.freilicht-theater.net\/reality-close-up\/wp-content\/uploads\/Titelbild_Reality-Close-Up_4-1024x576.png 1024w, https:\/\/www.freilicht-theater.net\/reality-close-up\/wp-content\/uploads\/Titelbild_Reality-Close-Up_4-768x432.png 768w, https:\/\/www.freilicht-theater.net\/reality-close-up\/wp-content\/uploads\/Titelbild_Reality-Close-Up_4-1536x864.png 1536w\" sizes=\"auto, (max-width: 2880px) 100vw, 2880px\" \/>                        <\/div>\n<\/div>\t\t<\/div>\n\t<\/div>\n<\/div><\/div>[\/vc_column][\/vc_row][vc_row content_placement=&#8221;top&#8221; css=&#8221;.vc_custom_1622974434196{padding-top: 0px !important;padding-bottom: 1% !important;background-position: center !important;background-repeat: no-repeat !important;background-size: cover !important;}&#8221;][vc_column css=&#8221;.vc_custom_1619093133577{background-position: center !important;background-repeat: no-repeat !important;background-size: contain !important;}&#8221;]<div class=\"edgtf-elements-holder   edgtf-one-column  edgtf-responsive-mode-768 \" ><div class=\"edgtf-eh-item  edgtf-vertical-alignment-top edgtf-horizontal-alignment-center \"  data-item-class=\"edgtf-eh-custom-7141\" data-681-768=\"0 6% 0 6%\" data-680=\"0 6% 0 6%\">\n\t<div class=\"edgtf-eh-item-inner\">\n\t\t<div class=\"edgtf-eh-item-content edgtf-eh-custom-7141\" style=\"padding: 0 20% 0 20%\">\n\t\t\t[vc_column_text css=&#8221;.vc_custom_1623342398601{padding-top: 0px !important;padding-bottom: 0px !important;}&#8221;]<\/p>\n<p style=\"text-align: justify;\">Das zum 30. Jubil\u00e4um des Theatersommers geplante Sonderprogramm REALITY CLOSE-UP musste leider wegen der COVID-19-Pandemie von 2020 auf die aktuelle Spielzeit 2021 verschoben werden.<span class=\"Apple-converted-space\">\u00a0 <\/span>Es freut uns sehr, dieses innovative, intensive und interaktive Programm in einer spannenden, weiterentwickelten Form 2021 endlich pr\u00e4sentieren zu k\u00f6nnen. Wir bedanken uns ganz besonders herzlich bei allen f\u00f6rdernden Stiftungen und dem F\u00f6rderverein des Theatersommers f\u00fcr die Unterst\u00fctzung.<\/p>\n<p style=\"text-align: justify;\">REALITY CLOSE-UP er\u00f6ffnet ungeahnte Blicke auf das scheinbar Bekannteste: die Realit\u00e4t. Ungew\u00f6hnliche Objekte, R\u00e4ume, szenografische Installationen und Theaterprojekte, integriert in die gr\u00fcne Seele des Theatergartens, fordern die Zuschauer*innen auf, einen Dialog aufzunehmen. Der Fokus wird sch\u00e4rfer : CLOSE-UP!<\/p>\n<p style=\"text-align: justify;\">Die szenografisch-architektonischen Installationen von <strong><a href=\"https:\/\/www.freilicht-theater.net\/reality-close-up\/reclaiming-spaces\/\"><span style=\"text-decoration: underline;\">RECLAMING SPACES<\/span><\/a><\/strong>\u00a0bringen Fragmente des menschlichen Erlebens in Bewegung. Ein schwebendes Wohnzimmer verschaukelt unsere scheinbar allt\u00e4glichen Gef\u00fchlswelten, seltsame M\u00f6bel scharen sich um einen Kirschbaum und eine Wunderkammer der Verg\u00e4nglichkeit verlockt zum Entdecken und konfrontiert mit der Erkenntnis, dass die Zeit alles ver\u00e4ndert &#8211; nicht nur uns selbst.<span class=\"Apple-converted-space\"> Diese Projekt entstanden in Zusammenarbeit mit Studierenden der ABK Stuttgart.<\/span><\/p>\n<p style=\"text-align: justify;\">Der Fokus auf Ungew\u00f6hnliches \u00f6ffnet sich auch in dem Sp\u00e4tspektakel <span style=\"text-decoration: underline;\"><strong><a href=\"https:\/\/www.freilicht-theater.net\/reality-close-up\/spaet-spektakel\/\">DIE N\u00c4CHTE SIND NICHT F\u00dcR DIE MENGE GEMACHT<\/a><\/strong><\/span>, in dem die szenografischen Installationen durch das Ensemble des Theatersommers zum Leben erweckt werden.<\/p>\n<p style=\"text-align: justify;\">Mit <span style=\"text-decoration: underline;\"><strong><a href=\"https:\/\/www.freilicht-theater.net\/reality-close-up\/orlando\/\">ORLANDO<\/a><\/strong><\/span> nach dem Roman von Virginia Woolf pr\u00e4sentieren wir unsere erste Inszenierung mit einem jungen Gast-Regisseur. Die musikalische, szenisch-poetische Inszenierung entsteht im Rahmen des neuen Young Artists-Programms mit K\u00fcnstlern aus den Bereichen Theater und Musik. Mit diesem Schritt ins Unbekannte er\u00f6ffnet sich ein Perspektivenwechsel und Neuanfang.<\/p>\n<p style=\"text-align: justify;\">Im Rahmen des Sonderprogramms fokussieren wir mit der Ausstellung <span style=\"text-decoration: underline;\"><strong><a href=\"https:\/\/www.freilicht-theater.net\/reality-close-up\/some-little-lies\/\">ALL OF THIS WAS TRUE<\/a><\/strong><\/span> den Blick auf die Plakatkunst des Theatersommers, die neben der k\u00fcnstlerischen Stilistik zu einem wesentlichen Merkmal der Au\u00dfenwirkung des Theatersommers geworden ist. Die k\u00fcnstlerische Handschrift der Inszenierungen findet in den Plakatmotiven ihre einzigartige Entsprechung: ein humorvolles Augenzwinkern, das neugierig macht. Bunt, laut, aufregend, dabei zugleich geheimnisvoll und direkt.<\/p>\n<p style=\"text-align: justify;\">Im Zwiegespr\u00e4ch mit dem neu gestalteten Garten sensibilisieren sich in allen Projekten von REALITY CLOSE-UP Perspektiven, sowie Facetten von Denk &#8211; und Erfahrungsweisen. Der Dialog l\u00e4sst auch im Betrachtenden und Spielenden einen neuen Kontext entstehen, der die Reflexion von Vergangenem, Gegenw\u00e4rtigem und damit auch Zuk\u00fcnftigem fordert und f\u00f6rdert.<\/p>\n<p style=\"text-align: justify;\"><span class=\"\">Die Natur wird zum Ort f\u00fcr menschliche Begegnung, f\u00fcr sinnliche Erfahrung und theatralische Vielfalt. B\u00fchne frei f\u00fcr neue Horizonte, f\u00fcr gesellschaftliche Fragen und soziale Relevanz! <\/span>Vielleicht kann der Garten mit seinen zauberhaft unbekannten Objekten und \u00fcberraschenden Aktionen uns allen zu einem kleinen Teil einen neuen und fantasievollen Weg in die Zukunft weisen.<\/p>\n<p>[\/vc_column_text]\t\t<\/div>\n\t<\/div>\n<\/div><\/div>[\/vc_column][\/vc_row][vc_row css=&#8221;.vc_custom_1620040968501{padding-bottom: 10% !important;}&#8221;][vc_column css=&#8221;.vc_custom_1622630308616{padding-right: 15% !important;padding-left: 15% !important;}&#8221;][vc_column_text css=&#8221;.vc_custom_1622974359722{padding-top: 0% !important;padding-bottom: 2% !important;}&#8221;]<\/p>\n<p style=\"text-align: center;\">Wir bedanken uns herzlich f\u00fcr die F\u00f6rderung:<\/p>\n<p>[\/vc_column_text]<div class=\"edgtf-elements-holder   edgtf-three-columns  edgtf-responsive-mode-1024 \" ><div class=\"edgtf-eh-item   edgtf-horizontal-alignment-center \"  data-item-class=\"edgtf-eh-custom-9999\" data-769-1024=\"2% 30% 2% 30%\" data-681-768=\"2% 30% 2% 30%\" data-680=\"2% 20% 2% 20%\">\n\t<div class=\"edgtf-eh-item-inner\">\n\t\t<div class=\"edgtf-eh-item-content edgtf-eh-custom-9999\" style=\"padding: 0 10% 0 10%\">\n\t\t\t<div class=\"edgtf-single-image-holder   \">\n    <div class=\"edgtf-si-inner\" >\n                                    <img loading=\"lazy\" decoding=\"async\" width=\"881\" height=\"410\" src=\"https:\/\/www.freilicht-theater.net\/reality-close-up\/wp-content\/uploads\/Baden-Wuerttemberg-Stiftung.jpg\" class=\"attachment-full size-full\" alt=\"\" srcset=\"https:\/\/www.freilicht-theater.net\/reality-close-up\/wp-content\/uploads\/Baden-Wuerttemberg-Stiftung.jpg 881w, https:\/\/www.freilicht-theater.net\/reality-close-up\/wp-content\/uploads\/Baden-Wuerttemberg-Stiftung-300x140.jpg 300w, https:\/\/www.freilicht-theater.net\/reality-close-up\/wp-content\/uploads\/Baden-Wuerttemberg-Stiftung-768x357.jpg 768w\" sizes=\"auto, (max-width: 881px) 100vw, 881px\" \/>                        <\/div>\n<\/div>\t\t<\/div>\n\t<\/div>\n<\/div><div class=\"edgtf-eh-item   edgtf-horizontal-alignment-center \"  data-item-class=\"edgtf-eh-custom-5569\" data-769-1024=\"2% 30% 2% 30%\" data-681-768=\"2% 30% 2% 30%\" data-680=\"2% 20% 2% 20%\">\n\t<div class=\"edgtf-eh-item-inner\">\n\t\t<div class=\"edgtf-eh-item-content edgtf-eh-custom-5569\" style=\"padding: 0 10% 0 10%\">\n\t\t\t<div class=\"edgtf-single-image-holder   \">\n    <div class=\"edgtf-si-inner\" >\n                                    <img loading=\"lazy\" decoding=\"async\" width=\"615\" height=\"413\" src=\"https:\/\/www.freilicht-theater.net\/reality-close-up\/wp-content\/uploads\/Buerger-Stiftung_LB.jpg\" class=\"attachment-full size-full\" alt=\"\" srcset=\"https:\/\/www.freilicht-theater.net\/reality-close-up\/wp-content\/uploads\/Buerger-Stiftung_LB.jpg 615w, https:\/\/www.freilicht-theater.net\/reality-close-up\/wp-content\/uploads\/Buerger-Stiftung_LB-300x201.jpg 300w\" sizes=\"auto, (max-width: 615px) 100vw, 615px\" \/>                        <\/div>\n<\/div>\t\t<\/div>\n\t<\/div>\n<\/div><div class=\"edgtf-eh-item    \"  data-item-class=\"edgtf-eh-custom-3170\" data-769-1024=\"2% 30% 2% 30%\" data-681-768=\"2% 30% 2% 30%\" data-680=\"2% 20% 2% 20%\">\n\t<div class=\"edgtf-eh-item-inner\">\n\t\t<div class=\"edgtf-eh-item-content edgtf-eh-custom-3170\" style=\"padding: 0 10% 0 10%\">\n\t\t\t<div class=\"edgtf-single-image-holder   \">\n    <div class=\"edgtf-si-inner\" >\n                                    <img loading=\"lazy\" decoding=\"async\" width=\"820\" height=\"413\" src=\"https:\/\/www.freilicht-theater.net\/reality-close-up\/wp-content\/uploads\/Wuestenrot-Stiftung.jpg\" class=\"attachment-full size-full\" alt=\"\" srcset=\"https:\/\/www.freilicht-theater.net\/reality-close-up\/wp-content\/uploads\/Wuestenrot-Stiftung.jpg 820w, https:\/\/www.freilicht-theater.net\/reality-close-up\/wp-content\/uploads\/Wuestenrot-Stiftung-300x151.jpg 300w, https:\/\/www.freilicht-theater.net\/reality-close-up\/wp-content\/uploads\/Wuestenrot-Stiftung-768x387.jpg 768w\" sizes=\"auto, (max-width: 820px) 100vw, 820px\" \/>                        <\/div>\n<\/div>\t\t<\/div>\n\t<\/div>\n<\/div><\/div>[\/vc_column][\/vc_row]<\/p>\n","protected":false},"excerpt":{"rendered":"<p>[vc_row][vc_column css=&#8221;.vc_custom_1621337526518{padding-top: 0px !important;background-position: center !important;background-repeat: no-repeat !important;background-size: contain !important;}&#8221;][\/vc_column][\/vc_row][vc_row content_placement=&#8221;top&#8221; css=&#8221;.vc_custom_1622974434196{padding-top: 0px !important;padding-bottom: 1% !important;background-position: center !important;background-repeat: no-repeat !important;background-size: cover !important;}&#8221;][vc_column css=&#8221;.vc_custom_1619093133577{background-position: center !important;background-repeat: no-repeat !important;background-size: contain !important;}&#8221;][\/vc_column][\/vc_row][vc_row css=&#8221;.vc_custom_1620040968501{padding-bottom: 10% !important;}&#8221;][vc_column css=&#8221;.vc_custom_1622630308616{padding-right: 15% !important;padding-left: 15% !important;}&#8221;][vc_column_text css=&#8221;.vc_custom_1622974359722{padding-top: 0% !important;padding-bottom: [&hellip;]<\/p>\n","protected":false},"author":3,"featured_media":0,"parent":0,"menu_order":0,"comment_status":"closed","ping_status":"closed","template":"full-width.php","meta":{"footnotes":""},"class_list":["post-5388","page","type-page","status-publish","hentry"],"_links":{"self":[{"href":"https:\/\/www.freilicht-theater.net\/reality-close-up\/wp-json\/wp\/v2\/pages\/5388","targetHints":{"allow":["GET"]}}],"collection":[{"href":"https:\/\/www.freilicht-theater.net\/reality-close-up\/wp-json\/wp\/v2\/pages"}],"about":[{"href":"https:\/\/www.freilicht-theater.net\/reality-close-up\/wp-json\/wp\/v2\/types\/page"}],"author":[{"embeddable":true,"href":"https:\/\/www.freilicht-theater.net\/reality-close-up\/wp-json\/wp\/v2\/users\/3"}],"replies":[{"embeddable":true,"href":"https:\/\/www.freilicht-theater.net\/reality-close-up\/wp-json\/wp\/v2\/comments?post=5388"}],"version-history":[{"count":5,"href":"https:\/\/www.freilicht-theater.net\/reality-close-up\/wp-json\/wp\/v2\/pages\/5388\/revisions"}],"predecessor-version":[{"id":7868,"href":"https:\/\/www.freilicht-theater.net\/reality-close-up\/wp-json\/wp\/v2\/pages\/5388\/revisions\/7868"}],"wp:attachment":[{"href":"https:\/\/www.freilicht-theater.net\/reality-close-up\/wp-json\/wp\/v2\/media?parent=5388"}],"curies":[{"name":"wp","href":"https:\/\/api.w.org\/{rel}","templated":true}]}}