{"id":5012,"date":"2021-04-15T11:59:02","date_gmt":"2021-04-15T09:59:02","guid":{"rendered":"https:\/\/www.freilicht-theater.net\/reality-close-up\/reclaiming-spaces\/herde-copy-2\/"},"modified":"2021-06-10T18:31:26","modified_gmt":"2021-06-10T16:31:26","slug":"wohnzimmer","status":"publish","type":"page","link":"https:\/\/www.freilicht-theater.net\/reality-close-up\/reclaiming-spaces\/wohnzimmer\/","title":{"rendered":"2.2_wohnzimmer"},"content":{"rendered":"<p>[vc_row][vc_column]<div class=\"edgtf-elements-holder   edgtf-one-column  edgtf-responsive-mode-768 \" ><div class=\"edgtf-eh-item   edgtf-horizontal-alignment-center \" style=\"background-image: url(https:\/\/www.freilicht-theater.net\/reality-close-up\/wp-content\/uploads\/Titelbilder_Wohnzimmer_1920x700_final2.jpg)\" data-item-class=\"edgtf-eh-custom-4536\" data-769-1024=\"60px 25% 0 25%\" data-681-768=\"60px 25% 0 25%\" data-680=\"110px 0 0 0\">\n\t<div class=\"edgtf-eh-item-inner\">\n\t\t<div class=\"edgtf-eh-item-content edgtf-eh-custom-4536\" style=\"padding: 0 25% 0 25%\">\n\t\t\t<div class=\"edgtf-single-image-holder   \">\n    <div class=\"edgtf-si-inner\" >\n                                    <img decoding=\"async\" src=\"https:\/\/www.freilicht-theater.net\/reality-close-up\/wp-content\/uploads\/Titelbilder_Wohnzimmer_1920x700_2-01-1.svg\" class=\"attachment-full size-full\" alt=\"\" \/>                        <\/div>\n<\/div>\t\t<\/div>\n\t<\/div>\n<\/div><\/div>[\/vc_column][\/vc_row][vc_row][vc_column]<div class=\"edgtf-elements-holder   edgtf-two-columns  edgtf-responsive-mode-680 \" ><div class=\"edgtf-eh-item  edgtf-vertical-alignment-top  \" style=\"background-color: #ffffff;background-image: url(https:\/\/www.freilicht-theater.net\/reality-close-up\/wp-content\/uploads\/WOHNZIMMER_Hintergrund.png)\" data-item-class=\"edgtf-eh-custom-1512\" data-769-1024=\"1px 0 1px 0\" data-681-768=\"1px 0 1px 0\" data-680=\"1px 0 1px 0\">\n\t<div class=\"edgtf-eh-item-inner\">\n\t\t<div class=\"edgtf-eh-item-content edgtf-eh-custom-1512\" >\n\t\t\t<div class=\"edgtf-image-gallery  edgtf-ig-slider-type edgtf-three-columns edgtf-huge-space  \">\n\t<div class=\"edgtf-ig-slider edgtf-owl-slider\" data-number-of-items=\"1\" data-enable-loop=\"yes\" data-enable-autoplay=\"no\" data-slider-speed=\"7000\" data-slider-speed-animation=\"600\" data-slider-padding=\"no\" data-enable-navigation=\"yes\" data-enable-pagination=\"no\">\n\t\t\t\t\t<div class=\"edgtf-ig-image\">\n\t\t\t\t\t\t\t\t\t<img decoding=\"async\" src=\"https:\/\/www.freilicht-theater.net\/reality-close-up\/wp-content\/uploads\/RS_WZ_Fotos_0000s_0001_5_Konstruktion.jpg\" class=\"attachment-full size-full\" alt=\"\" \/>\t\t\t\t\t\t\t<\/div>\n\t\t\t\t\t<div class=\"edgtf-ig-image\">\n\t\t\t\t\t\t\t\t\t<img decoding=\"async\" src=\"https:\/\/www.freilicht-theater.net\/reality-close-up\/wp-content\/uploads\/RS_WZ_Fotos_0000s_0000_IMG_0377.jpg\" class=\"attachment-full size-full\" alt=\"\" \/>\t\t\t\t\t\t\t<\/div>\n\t\t\t<\/div>\n<\/div>\t\t<\/div>\n\t<\/div>\n<\/div><div class=\"edgtf-eh-item    \" style=\"background-color: #ffffff\" data-item-class=\"edgtf-eh-custom-3223\" data-769-1024=\"4% 4% 4% 4%\" data-681-768=\"4% 4% 4% 4%\" data-680=\"4% 4% 4% 4%\">\n\t<div class=\"edgtf-eh-item-inner\">\n\t\t<div class=\"edgtf-eh-item-content edgtf-eh-custom-3223\" style=\"padding: 10% 10% 10% 10%\">\n\t\t\t[vc_column_text]<\/p>\n<h3>Das Wohnzimmer<\/h3>\n<p style=\"text-align: justify;\">Einmal in einem B\u00fchnenbild sitzen &#8211; inszeniert werden. Zu zweit auf dem Sofa mit dem alten Fotobuch in der Hand. Allein im Sessel, die Beine \u00fcbereinander geschlagen sich wiegen lassen und schwerelos den Blick durch die Decke ins hohe Bl\u00e4tterdach schicken.<\/p>\n<p style=\"text-align: justify;\">\u00dcberall im Theatersommer bilden B\u00e4ume und gro\u00dfe Str\u00e4ucher dichte D\u00e4cher und W\u00e4nde. Selbst das Gr\u00fcn des Efeus w\u00e4chst am Boden wie ein weicher Teppich. Versteckt und umarmt von diesem Gr\u00fcn, schlummert am Rand des Weges dort ein Wohnzimmer. Wie in die umgebende Natur eingef\u00e4delt, schwebt dort ein gro\u00dfer durch die Eckbalken seiner Konstruktion angedeuteter W\u00fcrfel. W\u00e4nde und Decke baut der freundliche Theatergarten.<\/p>\n<p>[\/vc_column_text]<div class=\"edgtf-accordion-holder edgtf-ac-default  edgtf-toggle edgtf-ac-simple  clearfix\">\n\t<p class=\"edgtf-accordion-title\">\n\t<span class=\"edgtf-tab-title\">Weiter lesen<\/span>\n    <span class=\"edgtf-accordion-mark\">\n\t\t<span class=\"edgtf_icon_plus fas fa-chevron-down\"><\/span>\n\t\t<span class=\"edgtf_icon_minus icon_minus-06\"><\/span>\n\t<\/span>\n<\/p>\n<div class=\"edgtf-accordion-content\">\n\t<div class=\"edgtf-accordion-content-inner\">\n\t\t[vc_column_text]<\/p>\n<p style=\"text-align: justify;\">Den Besucher*innen ist es m\u00f6glich, diesen Raum \u00fcber ein rohes Stahlgitter zu betreten, ohne den Efeu darunter zu verletzen. Ein schwebender Boden, ein schwebendes Zimmer&#8230; schwebende M\u00f6bel! Wie durch Zauberhand sind die typischen M\u00f6belst\u00fccke eines Wohnzimmers: das Sofa, der Sessel, die Stehlampe und das Regal \u201eaufgeh\u00e4ngt\u201c. Alles schwebt wie das Zimmer selbst. Zwar erwecken die M\u00f6belst\u00fccke ulkige Wohnzimmer-Assoziationen, jedoch \u00fcberrascht die \u00e4sthetisch anspruchsvolle Abstraktion ihrer Bauweise die Sehgewohnheit der Betrachtenden und l\u00e4sst eher an eine Kulisse denken. Zur Freude der Besucher*innen k\u00f6nnen die M\u00f6bel benutzt werden. Wer denkt jetzt nicht daran, seine Decke zu Hause zu pr\u00fcfen, ob sich die eigenen M\u00f6bel vielleicht aufh\u00e4ngen lassen, um mehr beschwingte Bewegung ins Leben zu bringen.<\/p>\n<p>[\/vc_column_text]\t<\/div>\n<\/div><\/div>\t\t<\/div>\n\t<\/div>\n<\/div><\/div><div class=\"edgtf-elements-holder   edgtf-two-columns  edgtf-responsive-mode-680 \" ><div class=\"edgtf-eh-item   edgtf-horizontal-alignment-center \"  data-item-class=\"edgtf-eh-custom-8361\">\n\t<div class=\"edgtf-eh-item-inner\">\n\t\t<div class=\"edgtf-eh-item-content edgtf-eh-custom-8361\" >\n\t\t\t<div class=\"edgtf-video-button-holder  edgtf-vb-has-img\">\n\t<div class=\"edgtf-video-button-image\">\n\t\t<img loading=\"lazy\" decoding=\"async\" width=\"2000\" height=\"1460\" src=\"https:\/\/www.freilicht-theater.net\/reality-close-up\/wp-content\/uploads\/HERDE_Titelbilder-Video.png\" class=\"attachment-full size-full\" alt=\"\" srcset=\"https:\/\/www.freilicht-theater.net\/reality-close-up\/wp-content\/uploads\/HERDE_Titelbilder-Video.png 2000w, https:\/\/www.freilicht-theater.net\/reality-close-up\/wp-content\/uploads\/HERDE_Titelbilder-Video-300x219.png 300w, https:\/\/www.freilicht-theater.net\/reality-close-up\/wp-content\/uploads\/HERDE_Titelbilder-Video-1024x748.png 1024w, https:\/\/www.freilicht-theater.net\/reality-close-up\/wp-content\/uploads\/HERDE_Titelbilder-Video-768x561.png 768w, https:\/\/www.freilicht-theater.net\/reality-close-up\/wp-content\/uploads\/HERDE_Titelbilder-Video-1536x1121.png 1536w\" sizes=\"auto, (max-width: 2000px) 100vw, 2000px\" \/>\t<\/div>\n\t\t\t<a class=\"edgtf-video-button-play-image \" href=\"https:\/\/vimeo.com\/558505690\/b3e7e91a6f\" data-rel=\"prettyPhoto[video_button_pretty_photo_531]\">\n\t\t\t<span class=\"edgtf-video-button-play-inner\">\n\t\t\t\t<img loading=\"lazy\" decoding=\"async\" width=\"1000\" height=\"730\" src=\"https:\/\/www.freilicht-theater.net\/reality-close-up\/wp-content\/uploads\/Video_1000x730_Playbutton.png\" class=\"attachment-full size-full\" alt=\"\" srcset=\"https:\/\/www.freilicht-theater.net\/reality-close-up\/wp-content\/uploads\/Video_1000x730_Playbutton.png 1000w, https:\/\/www.freilicht-theater.net\/reality-close-up\/wp-content\/uploads\/Video_1000x730_Playbutton-300x219.png 300w, https:\/\/www.freilicht-theater.net\/reality-close-up\/wp-content\/uploads\/Video_1000x730_Playbutton-768x561.png 768w\" sizes=\"auto, (max-width: 1000px) 100vw, 1000px\" \/>\t\t\t\t\t\t\t<\/span>\n\t\t<\/a>\n\t<\/div>\t\t<\/div>\n\t<\/div>\n<\/div><div class=\"edgtf-eh-item   edgtf-horizontal-alignment-right \" style=\"background-image: url(https:\/\/www.freilicht-theater.net\/reality-close-up\/wp-content\/uploads\/WOHNZIMMER_Hintergrund.png)\" data-item-class=\"edgtf-eh-custom-5385\" data-769-1024=\"0px 0 0px 0\" data-681-768=\"0px 0 0px 0\" data-680=\"0px 0 0px 0\">\n\t<div class=\"edgtf-eh-item-inner\">\n\t\t<div class=\"edgtf-eh-item-content edgtf-eh-custom-5385\" >\n\t\t\t<div class=\"edgtf-image-gallery  edgtf-ig-carousel-type edgtf-three-columns edgtf-huge-space  \">\n\t<div class=\"edgtf-ig-slider edgtf-owl-slider\" data-number-of-items=\"1\" data-enable-loop=\"no\" data-enable-autoplay=\"no\" data-slider-speed=\"7000\" data-slider-speed-animation=\"600\" data-slider-padding=\"no\" data-enable-navigation=\"yes\" data-enable-pagination=\"no\">\n\t\t\t\t\t<div class=\"edgtf-ig-image\">\n\t\t\t\t\t\t\t\t\t<img loading=\"lazy\" decoding=\"async\" width=\"1600\" height=\"1168\" src=\"https:\/\/www.freilicht-theater.net\/reality-close-up\/wp-content\/uploads\/Wohnzimmer_Behind-the-Szenes_Entstehung-Modelle.png\" class=\"attachment-full size-full\" alt=\"\" srcset=\"https:\/\/www.freilicht-theater.net\/reality-close-up\/wp-content\/uploads\/Wohnzimmer_Behind-the-Szenes_Entstehung-Modelle.png 1600w, https:\/\/www.freilicht-theater.net\/reality-close-up\/wp-content\/uploads\/Wohnzimmer_Behind-the-Szenes_Entstehung-Modelle-300x219.png 300w, https:\/\/www.freilicht-theater.net\/reality-close-up\/wp-content\/uploads\/Wohnzimmer_Behind-the-Szenes_Entstehung-Modelle-1024x748.png 1024w, https:\/\/www.freilicht-theater.net\/reality-close-up\/wp-content\/uploads\/Wohnzimmer_Behind-the-Szenes_Entstehung-Modelle-768x561.png 768w, https:\/\/www.freilicht-theater.net\/reality-close-up\/wp-content\/uploads\/Wohnzimmer_Behind-the-Szenes_Entstehung-Modelle-1536x1121.png 1536w\" sizes=\"auto, (max-width: 1600px) 100vw, 1600px\" \/>\t\t\t\t\t\t\t<\/div>\n\t\t\t\t\t<div class=\"edgtf-ig-image\">\n\t\t\t\t\t\t\t\t\t<img decoding=\"async\" src=\"https:\/\/www.freilicht-theater.net\/reality-close-up\/wp-content\/uploads\/Wohnzimmer_BhS_Entstehung-Modelle_2.jpg\" class=\"attachment-full size-full\" alt=\"\" \/>\t\t\t\t\t\t\t<\/div>\n\t\t\t\t\t<div class=\"edgtf-ig-image\">\n\t\t\t\t\t\t\t\t\t<img decoding=\"async\" src=\"https:\/\/www.freilicht-theater.net\/reality-close-up\/wp-content\/uploads\/Wohnzimmer_BhS_Entstehung-Modelle_5.jpg\" class=\"attachment-full size-full\" alt=\"\" \/>\t\t\t\t\t\t\t<\/div>\n\t\t\t\t\t<div class=\"edgtf-ig-image\">\n\t\t\t\t\t\t\t\t\t<img decoding=\"async\" src=\"https:\/\/www.freilicht-theater.net\/reality-close-up\/wp-content\/uploads\/Wohnzimmer_BhS_Entstehung-Modelle_4.jpg\" class=\"attachment-full size-full\" alt=\"\" \/>\t\t\t\t\t\t\t<\/div>\n\t\t\t<\/div>\n<\/div>\t\t<\/div>\n\t<\/div>\n<\/div><\/div><div class=\"edgtf-elements-holder   edgtf-two-columns  edgtf-responsive-mode-680 \" ><div class=\"edgtf-eh-item    \" style=\"background-color: #ffffff;background-image: url(https:\/\/www.freilicht-theater.net\/reality-close-up\/wp-content\/uploads\/WOHNZIMMER_Hintergrund.png)\" data-item-class=\"edgtf-eh-custom-1184\" data-680=\"0px 15% 0px 15%\">\n\t<div class=\"edgtf-eh-item-inner\">\n\t\t<div class=\"edgtf-eh-item-content edgtf-eh-custom-1184\" >\n\t\t\t<div class=\"edgtf-image-gallery slider-wz edgtf-ig-carousel-type edgtf-three-columns edgtf-no-space  \">\n\t<div class=\"edgtf-ig-slider edgtf-owl-slider\" data-number-of-items=\"3\" data-enable-loop=\"yes\" data-enable-autoplay=\"yes\" data-slider-speed=\"7000\" data-slider-speed-animation=\"2000\" data-slider-padding=\"no\" data-enable-navigation=\"yes\" data-enable-pagination=\"no\">\n\t\t\t\t\t<div class=\"edgtf-ig-image\">\n\t\t\t\t\t\t\t\t\t<img loading=\"lazy\" decoding=\"async\" src=\"https:\/\/www.freilicht-theater.net\/reality-close-up\/wp-content\/uploads\/WZ__0002_Endeless_Slider_11-320x701.jpg\" alt=\"\" width=\"320\" height=\"701\" \/>\t\t\t\t\t\t\t<\/div>\n\t\t\t\t\t<div class=\"edgtf-ig-image\">\n\t\t\t\t\t\t\t\t\t<img loading=\"lazy\" decoding=\"async\" src=\"https:\/\/www.freilicht-theater.net\/reality-close-up\/wp-content\/uploads\/WZ__0004_Endeless_Slider_12-320x701.jpg\" alt=\"\" width=\"320\" height=\"701\" \/>\t\t\t\t\t\t\t<\/div>\n\t\t\t\t\t<div class=\"edgtf-ig-image\">\n\t\t\t\t\t\t\t\t\t<img loading=\"lazy\" decoding=\"async\" src=\"https:\/\/www.freilicht-theater.net\/reality-close-up\/wp-content\/uploads\/WZ__0003_Endeless_Slider_13-320x701.jpg\" alt=\"\" width=\"320\" height=\"701\" \/>\t\t\t\t\t\t\t<\/div>\n\t\t\t\t\t<div class=\"edgtf-ig-image\">\n\t\t\t\t\t\t\t\t\t<img loading=\"lazy\" decoding=\"async\" src=\"https:\/\/www.freilicht-theater.net\/reality-close-up\/wp-content\/uploads\/WZ__0001_Endeless_Slider_14-320x701.jpg\" alt=\"\" width=\"320\" height=\"701\" \/>\t\t\t\t\t\t\t<\/div>\n\t\t\t\t\t<div class=\"edgtf-ig-image\">\n\t\t\t\t\t\t\t\t\t<img loading=\"lazy\" decoding=\"async\" src=\"https:\/\/www.freilicht-theater.net\/reality-close-up\/wp-content\/uploads\/WZ__0000_Endeless_Slider_15-320x701.jpg\" alt=\"\" width=\"320\" height=\"701\" \/>\t\t\t\t\t\t\t<\/div>\n\t\t\t\t\t<div class=\"edgtf-ig-image\">\n\t\t\t\t\t\t\t\t\t<img loading=\"lazy\" decoding=\"async\" src=\"https:\/\/www.freilicht-theater.net\/reality-close-up\/wp-content\/uploads\/WZ__0005_Endeless_Slider_16-320x701.jpg\" alt=\"\" width=\"320\" height=\"701\" \/>\t\t\t\t\t\t\t<\/div>\n\t\t\t<\/div>\n<\/div>\t\t<\/div>\n\t<\/div>\n<\/div><div class=\"edgtf-eh-item    \" style=\"background-color: #ffffff\" data-item-class=\"edgtf-eh-custom-2986\" data-769-1024=\"4% 4% 4% 4%\" data-681-768=\"4% 4% 4% 4%\" data-680=\"4% 4% 4% 4%\">\n\t<div class=\"edgtf-eh-item-inner\">\n\t\t<div class=\"edgtf-eh-item-content edgtf-eh-custom-2986\" style=\"padding: 10% 10% 10% 10%\">\n\t\t\t[vc_column_text]<\/p>\n<h3>Die Entstehung des Wohnzimmers<\/h3>\n<p style=\"text-align: justify;\">\u201eHier ist es gem\u00fctlich wie in einem Wohnzimmer \u2026 Hier bauen wir -? \u2026 Wir brauchen einen Arbeitstitel! &#8211; \u201eDas Wohnzimmer!\u201c Sagten wir unter einem dichten Bl\u00e4tterdach entlang des Zuschauerwegs.<\/p>\n<p style=\"text-align: justify;\">\u201eAber das Zimmer darf die Natur nicht verletzen &#8230; Dann muss es \u00fcber dem Boden schweben &#8230; Dann m\u00fcssen auch die M\u00f6bel schweben &#8230; Wir h\u00e4ngen sie auf &#8230; Dann brauchen wir Balken &#8230; Wir bauen zwischen die B\u00e4ume einen W\u00fcrfel aus Balken, da h\u00e4ngen wir die M\u00f6bel rein.\u201c Die Idee war geboren, so einfach ist das manchmal.<\/p>\n<p>[\/vc_column_text]<div class=\"edgtf-accordion-holder edgtf-ac-default  edgtf-toggle edgtf-ac-simple  clearfix\">\n\t<p class=\"edgtf-accordion-title\">\n\t<span class=\"edgtf-tab-title\">Weiter lesen<\/span>\n    <span class=\"edgtf-accordion-mark\">\n\t\t<span class=\"edgtf_icon_plus fas fa-chevron-down\"><\/span>\n\t\t<span class=\"edgtf_icon_minus icon_minus-06\"><\/span>\n\t<\/span>\n<\/p>\n<div class=\"edgtf-accordion-content\">\n\t<div class=\"edgtf-accordion-content-inner\">\n\t\t[vc_column_text]<\/p>\n<div class=\"\" style=\"text-align: justify;\">Schon im Modell schien der Bau des W\u00fcrfels ein wirklich gro\u00dfes Vorhaben zu werden. In der Praxis war die Konstruktion des schwebenden Balken-K\u00f6rpers im wahrsten Sinne dann eine Knochenarbeit, die wir ohne unseren Techniker J\u00f6rg Stude und seine lange Theatersommer-Erfahrung mit Millionen von Schrauben niemals gemeistert h\u00e4tten. Die Herstellung der M\u00f6bel entpuppte sich dagegen fast als Spaziergang. Jetzt ist die Knochenarbeit Vergangenheit und jeder genie\u00dft das Erlebnis des schwebenden Zimmers. So ist das eben im Theater. Die simpelsten Dinge sind oft die schwersten und am Ende sieht alles ganz leicht aus.<\/div>\n<p>[\/vc_column_text]\t<\/div>\n<\/div><\/div>\t\t<\/div>\n\t<\/div>\n<\/div><\/div>[\/vc_column][\/vc_row]<\/p>\n","protected":false},"excerpt":{"rendered":"<p>[vc_row][vc_column][\/vc_column][\/vc_row][vc_row][vc_column][\/vc_column][\/vc_row]<\/p>\n","protected":false},"author":3,"featured_media":0,"parent":1501,"menu_order":0,"comment_status":"closed","ping_status":"closed","template":"full-width.php","meta":{"footnotes":""},"class_list":["post-5012","page","type-page","status-publish","hentry"],"_links":{"self":[{"href":"https:\/\/www.freilicht-theater.net\/reality-close-up\/wp-json\/wp\/v2\/pages\/5012","targetHints":{"allow":["GET"]}}],"collection":[{"href":"https:\/\/www.freilicht-theater.net\/reality-close-up\/wp-json\/wp\/v2\/pages"}],"about":[{"href":"https:\/\/www.freilicht-theater.net\/reality-close-up\/wp-json\/wp\/v2\/types\/page"}],"author":[{"embeddable":true,"href":"https:\/\/www.freilicht-theater.net\/reality-close-up\/wp-json\/wp\/v2\/users\/3"}],"replies":[{"embeddable":true,"href":"https:\/\/www.freilicht-theater.net\/reality-close-up\/wp-json\/wp\/v2\/comments?post=5012"}],"version-history":[{"count":4,"href":"https:\/\/www.freilicht-theater.net\/reality-close-up\/wp-json\/wp\/v2\/pages\/5012\/revisions"}],"predecessor-version":[{"id":7872,"href":"https:\/\/www.freilicht-theater.net\/reality-close-up\/wp-json\/wp\/v2\/pages\/5012\/revisions\/7872"}],"up":[{"embeddable":true,"href":"https:\/\/www.freilicht-theater.net\/reality-close-up\/wp-json\/wp\/v2\/pages\/1501"}],"wp:attachment":[{"href":"https:\/\/www.freilicht-theater.net\/reality-close-up\/wp-json\/wp\/v2\/media?parent=5012"}],"curies":[{"name":"wp","href":"https:\/\/api.w.org\/{rel}","templated":true}]}}