{"id":4973,"date":"2021-04-14T14:53:29","date_gmt":"2021-04-14T12:53:29","guid":{"rendered":"https:\/\/www.freilicht-theater.net\/reality-close-up\/main-home-copy\/"},"modified":"2021-10-18T08:59:16","modified_gmt":"2021-10-18T06:59:16","slug":"spaet-spektakel","status":"publish","type":"page","link":"https:\/\/www.freilicht-theater.net\/reality-close-up\/spaet-spektakel\/","title":{"rendered":"5_SP\u00c4T-SPEKTAKEL"},"content":{"rendered":"<p>[vc_row css=&#8221;.vc_custom_1620627990904{padding-top: 0px !important;}&#8221;][vc_column css=&#8221;.vc_custom_1620627979235{padding-top: 0px !important;}&#8221;]<div class=\"edgtf-elements-holder   edgtf-one-column  edgtf-responsive-mode-768 \" ><div class=\"edgtf-eh-item  edgtf-vertical-alignment-top edgtf-horizontal-alignment-center \"  data-item-class=\"edgtf-eh-custom-5197\" data-681-768=\"60px 0 0 0\" data-680=\"60px 0 0 0\">\n\t<div class=\"edgtf-eh-item-inner\">\n\t\t<div class=\"edgtf-eh-item-content edgtf-eh-custom-5197\" >\n\t\t\t[rev_slider_vc alias=&#8221;slider-2&#8243; enable_paspartu=&#8221;no&#8221;]\t\t<\/div>\n\t<\/div>\n<\/div><\/div>[\/vc_column][\/vc_row][vc_row][vc_column]<div class=\"edgtf-elements-holder   edgtf-one-column  edgtf-responsive-mode-768 \" ><div class=\"edgtf-eh-item    \"  data-item-class=\"edgtf-eh-custom-3297\" data-681-768=\"3% 6% 3% 6%\" data-680=\"2% 6% 2% 6%\">\n\t<div class=\"edgtf-eh-item-inner\">\n\t\t<div class=\"edgtf-eh-item-content edgtf-eh-custom-3297\" style=\"padding: 3% 20% 0 20%\">\n\t\t\t[vc_column_text]<\/p>\n<h4 style=\"text-align: center;\"><strong>SP\u00c4T-SPEKTAKEL:<\/strong><br \/>\nDIE N\u00c4CHTE SIND NICHT<br \/>\nF\u00dcR DIE MENGE GEMACHT<\/h4>\n<p>[\/vc_column_text]\t\t<\/div>\n\t<\/div>\n<\/div><\/div><div class=\"edgtf-elements-holder   edgtf-one-column  edgtf-responsive-mode-768 \" ><div class=\"edgtf-eh-item    \"  data-item-class=\"edgtf-eh-custom-8694\" data-681-768=\"0 8% 0 8%\" data-680=\"0 6% 0 6%\">\n\t<div class=\"edgtf-eh-item-inner\">\n\t\t<div class=\"edgtf-eh-item-content edgtf-eh-custom-8694\" style=\"padding: 3% 20% 0 20%\">\n\t\t\t[vc_column_text]<span style=\"color: #000000;\">INHALT:<br \/>\n<\/span><span style=\"color: #000000;\">In <strong>MENSCHEN BEI NACHT<\/strong> thematisiert das Themroc-Theater Menschen, die aus der Zeit gefallen zu sein scheinen. Im Spannungsfeld zwischen normalem Leben und anarchischem Aufbegehren entsteht in den Rauminstallationen von RECLAIMING SPACES ein intensiv-grotesk anmutendes Sitten- und Gesellschaftsgem\u00e4lde. Eigene Texte und Ausz\u00fcge aus Gedichten und Texten von Erich K\u00e4stner, Rainer Maria Rilke, Paul Celan, den Toten Hosen oder Klaus Kinski verdichten sich, bis die Zeit aus der Wanduhr zu tropfen scheint und der Traum von der Liebe Realit\u00e4t werden k\u00f6nnte.<\/span><\/p>\n<p><span style=\"color: #000000;\"><strong>Regie:<\/strong> Bernhard Linke\u00a0<\/span><br \/>\n<span style=\"color: #000000;\"><strong>Es spielen:<\/strong> Diana Gantner, Lisa Riesner, Christian Werner<br \/>\n<strong>Dauer:<\/strong> ca. 20-25 Minuten<\/span><\/p>\n<p><span style=\"color: #000000;\">Fr. 09.07. \u00a0 &#8211; ab ca. 21:00 Uhr \u00a0MENSCHEN BEI NACHT<br \/>\nSa. 10.07.\u00a0 &#8211; ab ca. 21:00 Uhr \u00a0MENSCHEN BEI NACHT<\/span><br \/>\n<span style=\"color: #000000;\">Fr. 16.07.\u00a0 \u00a0&#8211; ab ca. 21:00 Uhr \u00a0MENSCHEN BEI NACHT<\/span><br \/>\n<span style=\"color: #000000;\">Sa. 17.07. \u00a0&#8211; ab ca. 21:00 Uhr \u00a0MENSCHEN BEI NACHT<\/span><\/p>\n<p>&nbsp;<\/p>\n<p style=\"text-align: justify;\"><span style=\"color: #000000;\"><strong>Zu den anderen geplanten Programmpunkten:<\/strong><br \/>\nLassen Sie sich mitnehmen, lassen Sie sich \u00fcberraschen von ungew\u00f6hnlichen Schaupl\u00e4tzen, von M\u00f6belst\u00fccken mit sozialem Bewusstsein, von Fantasie und Dynamik!<span class=\"Apple-converted-space\">\u00a0<\/span><\/span><\/p>\n<p style=\"text-align: justify;\"><span style=\"color: #000000;\">Im Sp\u00e4t-Spektakel <strong>DIE N\u00c4CHTE SIND NICHT F\u00dcR DIE MENGE GEMACHT<\/strong> werden die szenografisch-architektonischen Installationen durch das Ensemble des Theatersommers zum Leben erweckt. Theater, Performance, Live-Musik und Poesie verbinden sich zu einem sommern\u00e4chtlichen Gesamtkunstwerk.<\/span><\/p>\n<p style=\"text-align: justify;\"><span style=\"color: #000000;\"><strong>TRIADISCH-SOZIALER M\u00d6BELTANZ<\/strong> greift durchaus mit Absicht Grundgedanken von Oskar Schlemmers Triadischem Ballett auf. Die von Studenten der ABK Stuttgart designten M\u00f6bel werden pl\u00f6tzlich lebendig. Gr\u00f6\u00dfe, Form und Farbe der M\u00f6belst\u00fccke lassen eine soziale Hierarchie erahnen, die durch Musik, Rhythmus und t\u00e4nzerische Elemente verst\u00e4rkt wird. So entstehen groteske, humorvolle und liebenswerte Geschichten, in denen geometrische Formen auf Menschen \u00fcberspringen und so gesellschaftliche Hierarchien wild durcheinander gewirbelt werden.<\/span><\/p>\n<p style=\"text-align: justify;\"><span style=\"color: #000000;\">Augenzwinkernd d\u00e4monisch wird es, wenn sich <strong>GEISTERSEHER, VAMPIRE UND HEXEN<\/strong> an der Pforte zum Hades \u00fcber Unsterblichkeit, Ewigkeit und Sehnsucht musikalisch austauschen. Eine Vampirstin wei\u00df genau &#8211; \u201eWhere the wild roses grow\u201c. Der Geisterseher glaubt fest &#8211; \u201eDeath is not the end\u201c. Und die Hexen haben nur eine Absicht &#8211; \u201eChase the devil\u201c. Dazu klatscht ein \u201eChocolate Jesus\u201c<span class=\"Apple-converted-space\">\u00a0<\/span>wild in die H\u00e4nde. Tom Waits, Nick Cave und die White Stripes lassen gr\u00fc\u00dfen!<\/span><\/p>\n<p>[\/vc_column_text]\t\t<\/div>\n\t<\/div>\n<\/div><\/div>[\/vc_column][\/vc_row]<\/p>\n","protected":false},"excerpt":{"rendered":"<p>[vc_row css=&#8221;.vc_custom_1620627990904{padding-top: 0px !important;}&#8221;][vc_column css=&#8221;.vc_custom_1620627979235{padding-top: 0px !important;}&#8221;][\/vc_column][\/vc_row][vc_row][vc_column][\/vc_column][\/vc_row]<\/p>\n","protected":false},"author":1,"featured_media":0,"parent":0,"menu_order":0,"comment_status":"closed","ping_status":"closed","template":"full-width.php","meta":{"footnotes":""},"class_list":["post-4973","page","type-page","status-publish","hentry"],"_links":{"self":[{"href":"https:\/\/www.freilicht-theater.net\/reality-close-up\/wp-json\/wp\/v2\/pages\/4973","targetHints":{"allow":["GET"]}}],"collection":[{"href":"https:\/\/www.freilicht-theater.net\/reality-close-up\/wp-json\/wp\/v2\/pages"}],"about":[{"href":"https:\/\/www.freilicht-theater.net\/reality-close-up\/wp-json\/wp\/v2\/types\/page"}],"author":[{"embeddable":true,"href":"https:\/\/www.freilicht-theater.net\/reality-close-up\/wp-json\/wp\/v2\/users\/1"}],"replies":[{"embeddable":true,"href":"https:\/\/www.freilicht-theater.net\/reality-close-up\/wp-json\/wp\/v2\/comments?post=4973"}],"version-history":[{"count":7,"href":"https:\/\/www.freilicht-theater.net\/reality-close-up\/wp-json\/wp\/v2\/pages\/4973\/revisions"}],"predecessor-version":[{"id":7888,"href":"https:\/\/www.freilicht-theater.net\/reality-close-up\/wp-json\/wp\/v2\/pages\/4973\/revisions\/7888"}],"wp:attachment":[{"href":"https:\/\/www.freilicht-theater.net\/reality-close-up\/wp-json\/wp\/v2\/media?parent=4973"}],"curies":[{"name":"wp","href":"https:\/\/api.w.org\/{rel}","templated":true}]}}